{"id":872,"date":"2021-11-22T21:19:49","date_gmt":"2021-11-22T21:19:49","guid":{"rendered":"https:\/\/territorium.com\/programe-una-demostracion\/"},"modified":"2021-12-08T19:45:14","modified_gmt":"2021-12-08T19:45:14","slug":"programe-una-demostracion","status":"publish","type":"page","link":"https:\/\/global.territorium.com\/pt\/programe-una-demostracion\/?lang=es","title":{"rendered":"Solicitar Demo"},"content":{"rendered":"<h2>CONSTRUYE UN FUTURO MEJOR<br \/>\nPARA TUS ESTUDIANTES<\/h2>\n<p>No importa d\u00f3nde se encuentre en su camino para fomentar una educaci\u00f3n m\u00e1s equitativa para todos, la plataforma de Territorium puede ayudarlo a dar el siguiente paso.<\/p>\n<p><a class=\"purple\" href=\"mailto:hi@territorium.com\">hi@territorium.com<\/a><\/p>\n<p>&nbsp;<\/p>\n","protected":false},"excerpt":{"rendered":"<p>CONSTRUYE UN FUTURO MEJOR PARA TUS ESTUDIANTES No importa d\u00f3nde se encuentre en su camino para fomentar una educaci\u00f3n m\u00e1s equitativa para todos, la plataforma de Territorium puede ayudarlo a dar el siguiente paso. hi@territorium.com&hellip;<\/p>\n","protected":false},"author":2,"featured_media":0,"parent":0,"menu_order":0,"comment_status":"closed","ping_status":"closed","template":"template-contact.php","meta":{"_coblocks_attr":"","_coblocks_dimensions":"","_coblocks_responsive_height":"","_coblocks_accordion_ie_support":"","content-type":"","footnotes":"","_links_to":"","_links_to_target":""},"class_list":["post-872","page","type-page","status-publish","hentry"],"acf":[],"yoast_head":"<!-- This site is optimized with the Yoast SEO plugin v27.3 - https:\/\/yoast.com\/product\/yoast-seo-wordpress\/ -->\n<title>Demostraci\u00f3n completa de registro de alumnos | Vea nuestro software | Territorio<\/title>\n<meta name=\"description\" content=\"Programe una demostraci\u00f3n de TerritoriumCLR y vea c\u00f3mo hace que el aprendizaje y la adquisici\u00f3n de habilidades sean m\u00e1s accesibles y medibles para estudiantes de todas las edades y habilidades.\" \/>\n<meta name=\"robots\" content=\"index, follow, max-snippet:-1, max-image-preview:large, max-video-preview:-1\" \/>\n<link rel=\"canonical\" href=\"https:\/\/global.territorium.com\/pt\/schedule-a-demo\/\" \/>\n<meta property=\"og:locale\" content=\"pt_BR\" \/>\n<meta property=\"og:type\" content=\"article\" \/>\n<meta property=\"og:title\" content=\"Demostraci\u00f3n completa de registro de alumnos | Vea nuestro software | Territorio\" \/>\n<meta property=\"og:description\" content=\"Programe una demostraci\u00f3n de TerritoriumCLR y vea c\u00f3mo hace que el aprendizaje y la adquisici\u00f3n de habilidades sean m\u00e1s accesibles y medibles para estudiantes de todas las edades y habilidades.\" \/>\n<meta property=\"og:url\" content=\"https:\/\/global.territorium.com\/pt\/schedule-a-demo\/\" \/>\n<meta property=\"og:site_name\" content=\"Territorium\" \/>\n<meta property=\"article:modified_time\" content=\"2021-12-08T19:45:14+00:00\" \/>\n<meta name=\"twitter:card\" content=\"summary_large_image\" \/>\n<script type=\"application\/ld+json\" class=\"yoast-schema-graph\">{\"@context\":\"https:\\\/\\\/schema.org\",\"@graph\":[{\"@type\":\"WebPage\",\"@id\":\"https:\\\/\\\/global.territorium.com\\\/pt\\\/schedule-a-demo\\\/\",\"url\":\"https:\\\/\\\/global.territorium.com\\\/pt\\\/schedule-a-demo\\\/\",\"name\":\"Demostraci\u00f3n completa de registro de alumnos | Vea nuestro software | Territorio\",\"isPartOf\":{\"@id\":\"https:\\\/\\\/global.territorium.com\\\/pt\\\/#website\"},\"datePublished\":\"2021-11-22T21:19:49+00:00\",\"dateModified\":\"2021-12-08T19:45:14+00:00\",\"description\":\"Programe una demostraci\u00f3n de TerritoriumCLR y vea c\u00f3mo hace que el aprendizaje y la adquisici\u00f3n de habilidades sean m\u00e1s accesibles y medibles para estudiantes de todas las edades y habilidades.\",\"breadcrumb\":{\"@id\":\"https:\\\/\\\/global.territorium.com\\\/pt\\\/schedule-a-demo\\\/#breadcrumb\"},\"inLanguage\":\"pt-BR\",\"potentialAction\":[{\"@type\":\"ReadAction\",\"target\":[\"https:\\\/\\\/global.territorium.com\\\/pt\\\/schedule-a-demo\\\/\"]}]},{\"@type\":\"BreadcrumbList\",\"@id\":\"https:\\\/\\\/global.territorium.com\\\/pt\\\/schedule-a-demo\\\/#breadcrumb\",\"itemListElement\":[{\"@type\":\"ListItem\",\"position\":1,\"name\":\"Home\",\"item\":\"https:\\\/\\\/global.territorium.com\\\/pt\\\/\"},{\"@type\":\"ListItem\",\"position\":2,\"name\":\"Solicitar Demo\"}]},{\"@type\":\"WebSite\",\"@id\":\"https:\\\/\\\/global.territorium.com\\\/pt\\\/#website\",\"url\":\"https:\\\/\\\/global.territorium.com\\\/pt\\\/\",\"name\":\"Territorium\",\"description\":\"Bridging the gap between education and the workforce\",\"publisher\":{\"@id\":\"https:\\\/\\\/global.territorium.com\\\/pt\\\/#organization\"},\"potentialAction\":[{\"@type\":\"SearchAction\",\"target\":{\"@type\":\"EntryPoint\",\"urlTemplate\":\"https:\\\/\\\/global.territorium.com\\\/pt\\\/?s={search_term_string}\"},\"query-input\":{\"@type\":\"PropertyValueSpecification\",\"valueRequired\":true,\"valueName\":\"search_term_string\"}}],\"inLanguage\":\"pt-BR\"},{\"@type\":\"Organization\",\"@id\":\"https:\\\/\\\/global.territorium.com\\\/pt\\\/#organization\",\"name\":\"Territorium\",\"url\":\"https:\\\/\\\/global.territorium.com\\\/pt\\\/\",\"logo\":{\"@type\":\"ImageObject\",\"inLanguage\":\"pt-BR\",\"@id\":\"https:\\\/\\\/global.territorium.com\\\/pt\\\/#\\\/schema\\\/logo\\\/image\\\/\",\"url\":\"https:\\\/\\\/territorium.com\\\/wp-content\\\/uploads\\\/2021\\\/09\\\/Territorium_Logo.Tagline.png\",\"contentUrl\":\"https:\\\/\\\/territorium.com\\\/wp-content\\\/uploads\\\/2021\\\/09\\\/Territorium_Logo.Tagline.png\",\"width\":1788,\"height\":363,\"caption\":\"Territorium\"},\"image\":{\"@id\":\"https:\\\/\\\/global.territorium.com\\\/pt\\\/#\\\/schema\\\/logo\\\/image\\\/\"}}]}<\/script>\n<!-- \/ Yoast SEO plugin. -->","yoast_head_json":{"title":"Demostraci\u00f3n completa de registro de alumnos | Vea nuestro software | Territorio","description":"Programe una demostraci\u00f3n de TerritoriumCLR y vea c\u00f3mo hace que el aprendizaje y la adquisici\u00f3n de habilidades sean m\u00e1s accesibles y medibles para estudiantes de todas las edades y habilidades.","robots":{"index":"index","follow":"follow","max-snippet":"max-snippet:-1","max-image-preview":"max-image-preview:large","max-video-preview":"max-video-preview:-1"},"canonical":"https:\/\/global.territorium.com\/pt\/schedule-a-demo\/","og_locale":"pt_BR","og_type":"article","og_title":"Demostraci\u00f3n completa de registro de alumnos | Vea nuestro software | Territorio","og_description":"Programe una demostraci\u00f3n de TerritoriumCLR y vea c\u00f3mo hace que el aprendizaje y la adquisici\u00f3n de habilidades sean m\u00e1s accesibles y medibles para estudiantes de todas las edades y habilidades.","og_url":"https:\/\/global.territorium.com\/pt\/schedule-a-demo\/","og_site_name":"Territorium","article_modified_time":"2021-12-08T19:45:14+00:00","twitter_card":"summary_large_image","schema":{"@context":"https:\/\/schema.org","@graph":[{"@type":"WebPage","@id":"https:\/\/global.territorium.com\/pt\/schedule-a-demo\/","url":"https:\/\/global.territorium.com\/pt\/schedule-a-demo\/","name":"Demostraci\u00f3n completa de registro de alumnos | Vea nuestro software | Territorio","isPartOf":{"@id":"https:\/\/global.territorium.com\/pt\/#website"},"datePublished":"2021-11-22T21:19:49+00:00","dateModified":"2021-12-08T19:45:14+00:00","description":"Programe una demostraci\u00f3n de TerritoriumCLR y vea c\u00f3mo hace que el aprendizaje y la adquisici\u00f3n de habilidades sean m\u00e1s accesibles y medibles para estudiantes de todas las edades y habilidades.","breadcrumb":{"@id":"https:\/\/global.territorium.com\/pt\/schedule-a-demo\/#breadcrumb"},"inLanguage":"pt-BR","potentialAction":[{"@type":"ReadAction","target":["https:\/\/global.territorium.com\/pt\/schedule-a-demo\/"]}]},{"@type":"BreadcrumbList","@id":"https:\/\/global.territorium.com\/pt\/schedule-a-demo\/#breadcrumb","itemListElement":[{"@type":"ListItem","position":1,"name":"Home","item":"https:\/\/global.territorium.com\/pt\/"},{"@type":"ListItem","position":2,"name":"Solicitar Demo"}]},{"@type":"WebSite","@id":"https:\/\/global.territorium.com\/pt\/#website","url":"https:\/\/global.territorium.com\/pt\/","name":"Territorium","description":"Bridging the gap between education and the workforce","publisher":{"@id":"https:\/\/global.territorium.com\/pt\/#organization"},"potentialAction":[{"@type":"SearchAction","target":{"@type":"EntryPoint","urlTemplate":"https:\/\/global.territorium.com\/pt\/?s={search_term_string}"},"query-input":{"@type":"PropertyValueSpecification","valueRequired":true,"valueName":"search_term_string"}}],"inLanguage":"pt-BR"},{"@type":"Organization","@id":"https:\/\/global.territorium.com\/pt\/#organization","name":"Territorium","url":"https:\/\/global.territorium.com\/pt\/","logo":{"@type":"ImageObject","inLanguage":"pt-BR","@id":"https:\/\/global.territorium.com\/pt\/#\/schema\/logo\/image\/","url":"https:\/\/territorium.com\/wp-content\/uploads\/2021\/09\/Territorium_Logo.Tagline.png","contentUrl":"https:\/\/territorium.com\/wp-content\/uploads\/2021\/09\/Territorium_Logo.Tagline.png","width":1788,"height":363,"caption":"Territorium"},"image":{"@id":"https:\/\/global.territorium.com\/pt\/#\/schema\/logo\/image\/"}}]}},"_links":{"self":[{"href":"https:\/\/global.territorium.com\/pt\/wp-json\/wp\/v2\/pages\/872","targetHints":{"allow":["GET"]}}],"collection":[{"href":"https:\/\/global.territorium.com\/pt\/wp-json\/wp\/v2\/pages"}],"about":[{"href":"https:\/\/global.territorium.com\/pt\/wp-json\/wp\/v2\/types\/page"}],"author":[{"embeddable":true,"href":"https:\/\/global.territorium.com\/pt\/wp-json\/wp\/v2\/users\/2"}],"replies":[{"embeddable":true,"href":"https:\/\/global.territorium.com\/pt\/wp-json\/wp\/v2\/comments?post=872"}],"version-history":[{"count":2,"href":"https:\/\/global.territorium.com\/pt\/wp-json\/wp\/v2\/pages\/872\/revisions"}],"predecessor-version":[{"id":1333,"href":"https:\/\/global.territorium.com\/pt\/wp-json\/wp\/v2\/pages\/872\/revisions\/1333"}],"wp:attachment":[{"href":"https:\/\/global.territorium.com\/pt\/wp-json\/wp\/v2\/media?parent=872"}],"curies":[{"name":"wp","href":"https:\/\/api.w.org\/{rel}","templated":true}]}}