{"id":4329,"date":"2023-02-13T15:29:30","date_gmt":"2023-02-13T21:29:30","guid":{"rendered":"https:\/\/territorium.com\/careerbit\/"},"modified":"2023-02-13T15:29:30","modified_gmt":"2023-02-13T21:29:30","slug":"careerbit","status":"publish","type":"page","link":"https:\/\/global.territorium.com\/pt\/careerbit\/","title":{"rendered":"CareerBit"},"content":{"rendered":"","protected":false},"excerpt":{"rendered":"","protected":false},"author":3,"featured_media":0,"parent":0,"menu_order":0,"comment_status":"closed","ping_status":"closed","template":"template-modular.php","meta":{"_coblocks_attr":"","_coblocks_dimensions":"","_coblocks_responsive_height":"","_coblocks_accordion_ie_support":"","content-type":"","footnotes":"","_links_to":"","_links_to_target":""},"class_list":["post-4329","page","type-page","status-publish","hentry"],"acf":[],"yoast_head":"<!-- This site is optimized with the Yoast SEO plugin v27.3 - https:\/\/yoast.com\/product\/yoast-seo-wordpress\/ -->\n<title>CareerBit | Transi\u00e7\u00e3o da Educa\u00e7\u00e3o para o Trabalho | Territorium<\/title>\n<meta name=\"description\" content=\"Territorium&#039;s CareerBit permite aos aprendentes alinhar eficazmente as suas aptid\u00f5es e compet\u00eancias \u00e0s oportunidades de trabalho e aos empregadores\" \/>\n<meta name=\"robots\" content=\"index, follow, max-snippet:-1, max-image-preview:large, max-video-preview:-1\" \/>\n<link rel=\"canonical\" href=\"https:\/\/global.territorium.com\/pt\/careerbit\/\" \/>\n<meta property=\"og:locale\" content=\"pt_BR\" \/>\n<meta property=\"og:type\" content=\"article\" \/>\n<meta property=\"og:title\" content=\"CareerBit | Transi\u00e7\u00e3o da Educa\u00e7\u00e3o para o Trabalho | Territorium\" \/>\n<meta property=\"og:description\" content=\"Territorium&#039;s CareerBit permite aos aprendentes alinhar eficazmente as suas aptid\u00f5es e compet\u00eancias \u00e0s oportunidades de trabalho e aos empregadores\" \/>\n<meta property=\"og:url\" content=\"https:\/\/global.territorium.com\/pt\/careerbit\/\" \/>\n<meta property=\"og:site_name\" content=\"Territorium\" \/>\n<meta name=\"twitter:card\" content=\"summary_large_image\" \/>\n<script type=\"application\/ld+json\" class=\"yoast-schema-graph\">{\"@context\":\"https:\\\/\\\/schema.org\",\"@graph\":[{\"@type\":\"WebPage\",\"@id\":\"https:\\\/\\\/global.territorium.com\\\/pt\\\/careerbit\\\/\",\"url\":\"https:\\\/\\\/global.territorium.com\\\/pt\\\/careerbit\\\/\",\"name\":\"CareerBit | Transi\u00e7\u00e3o da Educa\u00e7\u00e3o para o Trabalho | Territorium\",\"isPartOf\":{\"@id\":\"https:\\\/\\\/global.territorium.com\\\/pt\\\/#website\"},\"datePublished\":\"2023-02-13T21:29:30+00:00\",\"description\":\"Territorium's CareerBit permite aos aprendentes alinhar eficazmente as suas aptid\u00f5es e compet\u00eancias \u00e0s oportunidades de trabalho e aos empregadores\",\"breadcrumb\":{\"@id\":\"https:\\\/\\\/global.territorium.com\\\/pt\\\/careerbit\\\/#breadcrumb\"},\"inLanguage\":\"pt-BR\",\"potentialAction\":[{\"@type\":\"ReadAction\",\"target\":[\"https:\\\/\\\/global.territorium.com\\\/pt\\\/careerbit\\\/\"]}]},{\"@type\":\"BreadcrumbList\",\"@id\":\"https:\\\/\\\/global.territorium.com\\\/pt\\\/careerbit\\\/#breadcrumb\",\"itemListElement\":[{\"@type\":\"ListItem\",\"position\":1,\"name\":\"Home\",\"item\":\"https:\\\/\\\/global.territorium.com\\\/pt\\\/\"},{\"@type\":\"ListItem\",\"position\":2,\"name\":\"CareerBit\"}]},{\"@type\":\"WebSite\",\"@id\":\"https:\\\/\\\/global.territorium.com\\\/pt\\\/#website\",\"url\":\"https:\\\/\\\/global.territorium.com\\\/pt\\\/\",\"name\":\"Territorium\",\"description\":\"Bridging the gap between education and the workforce\",\"publisher\":{\"@id\":\"https:\\\/\\\/global.territorium.com\\\/pt\\\/#organization\"},\"potentialAction\":[{\"@type\":\"SearchAction\",\"target\":{\"@type\":\"EntryPoint\",\"urlTemplate\":\"https:\\\/\\\/global.territorium.com\\\/pt\\\/?s={search_term_string}\"},\"query-input\":{\"@type\":\"PropertyValueSpecification\",\"valueRequired\":true,\"valueName\":\"search_term_string\"}}],\"inLanguage\":\"pt-BR\"},{\"@type\":\"Organization\",\"@id\":\"https:\\\/\\\/global.territorium.com\\\/pt\\\/#organization\",\"name\":\"Territorium\",\"url\":\"https:\\\/\\\/global.territorium.com\\\/pt\\\/\",\"logo\":{\"@type\":\"ImageObject\",\"inLanguage\":\"pt-BR\",\"@id\":\"https:\\\/\\\/global.territorium.com\\\/pt\\\/#\\\/schema\\\/logo\\\/image\\\/\",\"url\":\"https:\\\/\\\/territorium.com\\\/wp-content\\\/uploads\\\/2021\\\/09\\\/Territorium_Logo.Tagline.png\",\"contentUrl\":\"https:\\\/\\\/territorium.com\\\/wp-content\\\/uploads\\\/2021\\\/09\\\/Territorium_Logo.Tagline.png\",\"width\":1788,\"height\":363,\"caption\":\"Territorium\"},\"image\":{\"@id\":\"https:\\\/\\\/global.territorium.com\\\/pt\\\/#\\\/schema\\\/logo\\\/image\\\/\"}}]}<\/script>\n<!-- \/ Yoast SEO plugin. -->","yoast_head_json":{"title":"CareerBit | Transi\u00e7\u00e3o da Educa\u00e7\u00e3o para o Trabalho | Territorium","description":"Territorium's CareerBit permite aos aprendentes alinhar eficazmente as suas aptid\u00f5es e compet\u00eancias \u00e0s oportunidades de trabalho e aos empregadores","robots":{"index":"index","follow":"follow","max-snippet":"max-snippet:-1","max-image-preview":"max-image-preview:large","max-video-preview":"max-video-preview:-1"},"canonical":"https:\/\/global.territorium.com\/pt\/careerbit\/","og_locale":"pt_BR","og_type":"article","og_title":"CareerBit | Transi\u00e7\u00e3o da Educa\u00e7\u00e3o para o Trabalho | Territorium","og_description":"Territorium's CareerBit permite aos aprendentes alinhar eficazmente as suas aptid\u00f5es e compet\u00eancias \u00e0s oportunidades de trabalho e aos empregadores","og_url":"https:\/\/global.territorium.com\/pt\/careerbit\/","og_site_name":"Territorium","twitter_card":"summary_large_image","schema":{"@context":"https:\/\/schema.org","@graph":[{"@type":"WebPage","@id":"https:\/\/global.territorium.com\/pt\/careerbit\/","url":"https:\/\/global.territorium.com\/pt\/careerbit\/","name":"CareerBit | Transi\u00e7\u00e3o da Educa\u00e7\u00e3o para o Trabalho | Territorium","isPartOf":{"@id":"https:\/\/global.territorium.com\/pt\/#website"},"datePublished":"2023-02-13T21:29:30+00:00","description":"Territorium's CareerBit permite aos aprendentes alinhar eficazmente as suas aptid\u00f5es e compet\u00eancias \u00e0s oportunidades de trabalho e aos empregadores","breadcrumb":{"@id":"https:\/\/global.territorium.com\/pt\/careerbit\/#breadcrumb"},"inLanguage":"pt-BR","potentialAction":[{"@type":"ReadAction","target":["https:\/\/global.territorium.com\/pt\/careerbit\/"]}]},{"@type":"BreadcrumbList","@id":"https:\/\/global.territorium.com\/pt\/careerbit\/#breadcrumb","itemListElement":[{"@type":"ListItem","position":1,"name":"Home","item":"https:\/\/global.territorium.com\/pt\/"},{"@type":"ListItem","position":2,"name":"CareerBit"}]},{"@type":"WebSite","@id":"https:\/\/global.territorium.com\/pt\/#website","url":"https:\/\/global.territorium.com\/pt\/","name":"Territorium","description":"Bridging the gap between education and the workforce","publisher":{"@id":"https:\/\/global.territorium.com\/pt\/#organization"},"potentialAction":[{"@type":"SearchAction","target":{"@type":"EntryPoint","urlTemplate":"https:\/\/global.territorium.com\/pt\/?s={search_term_string}"},"query-input":{"@type":"PropertyValueSpecification","valueRequired":true,"valueName":"search_term_string"}}],"inLanguage":"pt-BR"},{"@type":"Organization","@id":"https:\/\/global.territorium.com\/pt\/#organization","name":"Territorium","url":"https:\/\/global.territorium.com\/pt\/","logo":{"@type":"ImageObject","inLanguage":"pt-BR","@id":"https:\/\/global.territorium.com\/pt\/#\/schema\/logo\/image\/","url":"https:\/\/territorium.com\/wp-content\/uploads\/2021\/09\/Territorium_Logo.Tagline.png","contentUrl":"https:\/\/territorium.com\/wp-content\/uploads\/2021\/09\/Territorium_Logo.Tagline.png","width":1788,"height":363,"caption":"Territorium"},"image":{"@id":"https:\/\/global.territorium.com\/pt\/#\/schema\/logo\/image\/"}}]}},"_links":{"self":[{"href":"https:\/\/global.territorium.com\/pt\/wp-json\/wp\/v2\/pages\/4329","targetHints":{"allow":["GET"]}}],"collection":[{"href":"https:\/\/global.territorium.com\/pt\/wp-json\/wp\/v2\/pages"}],"about":[{"href":"https:\/\/global.territorium.com\/pt\/wp-json\/wp\/v2\/types\/page"}],"author":[{"embeddable":true,"href":"https:\/\/global.territorium.com\/pt\/wp-json\/wp\/v2\/users\/3"}],"replies":[{"embeddable":true,"href":"https:\/\/global.territorium.com\/pt\/wp-json\/wp\/v2\/comments?post=4329"}],"version-history":[{"count":0,"href":"https:\/\/global.territorium.com\/pt\/wp-json\/wp\/v2\/pages\/4329\/revisions"}],"wp:attachment":[{"href":"https:\/\/global.territorium.com\/pt\/wp-json\/wp\/v2\/media?parent=4329"}],"curies":[{"name":"wp","href":"https:\/\/api.w.org\/{rel}","templated":true}]}}