{"id":3578,"date":"2022-07-06T18:32:42","date_gmt":"2022-07-06T18:32:42","guid":{"rendered":"https:\/\/territorium.com\/agendar-uma-demonstracao\/"},"modified":"2022-07-06T18:32:42","modified_gmt":"2022-07-06T18:32:42","slug":"agendar-uma-demonstracao","status":"publish","type":"page","link":"https:\/\/global.territorium.com\/pt\/agendar-uma-demonstracao\/","title":{"rendered":"Agendar uma demonstra\u00e7\u00e3o"},"content":{"rendered":"<h2>CONSTRUIR UM FUTURO MELHOR<br \/>\nPARA OS SEUS ESTUDANTES<\/h2>\n<p>N\u00e3o importa onde se encontre na sua viagem para apoiar uma educa\u00e7\u00e3o mais equitativa para todos, a plataforma Territorium pode ajud\u00e1-lo a dar o passo seguinte.<\/p>\n<p><a class=\"purple\" href=\"mailto:hi@territorium.com\">hi@territorium.com<\/a><\/p>\n<p>&nbsp;<\/p>\n","protected":false},"excerpt":{"rendered":"<p>CONSTRUIR UM FUTURO MELHOR PARA OS SEUS ESTUDANTES N\u00e3o importa onde se encontre na sua viagem para apoiar uma educa\u00e7\u00e3o mais equitativa para todos, a plataforma Territorium pode ajud\u00e1-lo a dar o passo seguinte. hi@territorium.com&hellip;<\/p>\n","protected":false},"author":2,"featured_media":0,"parent":0,"menu_order":0,"comment_status":"closed","ping_status":"closed","template":"template-contact.php","meta":{"_coblocks_attr":"","_coblocks_dimensions":"","_coblocks_responsive_height":"","_coblocks_accordion_ie_support":"","content-type":"","footnotes":"","_links_to":"","_links_to_target":""},"class_list":["post-3578","page","type-page","status-publish","hentry"],"acf":[],"yoast_head":"<!-- This site is optimized with the Yoast SEO plugin v27.3 - https:\/\/yoast.com\/product\/yoast-seo-wordpress\/ -->\n<title>Demonstra\u00e7\u00e3o de Registo de Aprendizagem Abrangente | Ver o Nosso Software | Territorium<\/title>\n<meta name=\"description\" content=\"Agendar uma demonstra\u00e7\u00e3o TerritoriumCLR e ver como torna a aprendizagem e a aquisi\u00e7\u00e3o de compet\u00eancias mais acess\u00edveis e mensur\u00e1veis para estudantes de todas as idades e capacidades.\" \/>\n<meta name=\"robots\" content=\"index, follow, max-snippet:-1, max-image-preview:large, max-video-preview:-1\" \/>\n<link rel=\"canonical\" href=\"https:\/\/global.territorium.com\/pt\/agendar-uma-demonstracao\/\" \/>\n<meta property=\"og:locale\" content=\"pt_BR\" \/>\n<meta property=\"og:type\" content=\"article\" \/>\n<meta property=\"og:title\" content=\"Demonstra\u00e7\u00e3o de Registo de Aprendizagem Abrangente | Ver o Nosso Software | Territorium\" \/>\n<meta property=\"og:description\" content=\"Agendar uma demonstra\u00e7\u00e3o TerritoriumCLR e ver como torna a aprendizagem e a aquisi\u00e7\u00e3o de compet\u00eancias mais acess\u00edveis e mensur\u00e1veis para estudantes de todas as idades e capacidades.\" \/>\n<meta property=\"og:url\" content=\"https:\/\/global.territorium.com\/pt\/agendar-uma-demonstracao\/\" \/>\n<meta property=\"og:site_name\" content=\"Territorium\" \/>\n<meta name=\"twitter:card\" content=\"summary_large_image\" \/>\n<script type=\"application\/ld+json\" class=\"yoast-schema-graph\">{\"@context\":\"https:\\\/\\\/schema.org\",\"@graph\":[{\"@type\":\"WebPage\",\"@id\":\"https:\\\/\\\/global.territorium.com\\\/pt\\\/agendar-uma-demonstracao\\\/\",\"url\":\"https:\\\/\\\/global.territorium.com\\\/pt\\\/agendar-uma-demonstracao\\\/\",\"name\":\"Demonstra\u00e7\u00e3o de Registo de Aprendizagem Abrangente | Ver o Nosso Software | Territorium\",\"isPartOf\":{\"@id\":\"https:\\\/\\\/global.territorium.com\\\/pt\\\/#website\"},\"datePublished\":\"2022-07-06T18:32:42+00:00\",\"description\":\"Agendar uma demonstra\u00e7\u00e3o TerritoriumCLR e ver como torna a aprendizagem e a aquisi\u00e7\u00e3o de compet\u00eancias mais acess\u00edveis e mensur\u00e1veis para estudantes de todas as idades e capacidades.\",\"breadcrumb\":{\"@id\":\"https:\\\/\\\/global.territorium.com\\\/pt\\\/agendar-uma-demonstracao\\\/#breadcrumb\"},\"inLanguage\":\"pt-BR\",\"potentialAction\":[{\"@type\":\"ReadAction\",\"target\":[\"https:\\\/\\\/global.territorium.com\\\/pt\\\/agendar-uma-demonstracao\\\/\"]}]},{\"@type\":\"BreadcrumbList\",\"@id\":\"https:\\\/\\\/global.territorium.com\\\/pt\\\/agendar-uma-demonstracao\\\/#breadcrumb\",\"itemListElement\":[{\"@type\":\"ListItem\",\"position\":1,\"name\":\"Home\",\"item\":\"https:\\\/\\\/global.territorium.com\\\/pt\\\/\"},{\"@type\":\"ListItem\",\"position\":2,\"name\":\"Agendar uma demonstra\u00e7\u00e3o\"}]},{\"@type\":\"WebSite\",\"@id\":\"https:\\\/\\\/global.territorium.com\\\/pt\\\/#website\",\"url\":\"https:\\\/\\\/global.territorium.com\\\/pt\\\/\",\"name\":\"Territorium\",\"description\":\"Bridging the gap between education and the workforce\",\"publisher\":{\"@id\":\"https:\\\/\\\/global.territorium.com\\\/pt\\\/#organization\"},\"potentialAction\":[{\"@type\":\"SearchAction\",\"target\":{\"@type\":\"EntryPoint\",\"urlTemplate\":\"https:\\\/\\\/global.territorium.com\\\/pt\\\/?s={search_term_string}\"},\"query-input\":{\"@type\":\"PropertyValueSpecification\",\"valueRequired\":true,\"valueName\":\"search_term_string\"}}],\"inLanguage\":\"pt-BR\"},{\"@type\":\"Organization\",\"@id\":\"https:\\\/\\\/global.territorium.com\\\/pt\\\/#organization\",\"name\":\"Territorium\",\"url\":\"https:\\\/\\\/global.territorium.com\\\/pt\\\/\",\"logo\":{\"@type\":\"ImageObject\",\"inLanguage\":\"pt-BR\",\"@id\":\"https:\\\/\\\/global.territorium.com\\\/pt\\\/#\\\/schema\\\/logo\\\/image\\\/\",\"url\":\"https:\\\/\\\/territorium.com\\\/wp-content\\\/uploads\\\/2021\\\/09\\\/Territorium_Logo.Tagline.png\",\"contentUrl\":\"https:\\\/\\\/territorium.com\\\/wp-content\\\/uploads\\\/2021\\\/09\\\/Territorium_Logo.Tagline.png\",\"width\":1788,\"height\":363,\"caption\":\"Territorium\"},\"image\":{\"@id\":\"https:\\\/\\\/global.territorium.com\\\/pt\\\/#\\\/schema\\\/logo\\\/image\\\/\"}}]}<\/script>\n<!-- \/ Yoast SEO plugin. -->","yoast_head_json":{"title":"Demonstra\u00e7\u00e3o de Registo de Aprendizagem Abrangente | Ver o Nosso Software | Territorium","description":"Agendar uma demonstra\u00e7\u00e3o TerritoriumCLR e ver como torna a aprendizagem e a aquisi\u00e7\u00e3o de compet\u00eancias mais acess\u00edveis e mensur\u00e1veis para estudantes de todas as idades e capacidades.","robots":{"index":"index","follow":"follow","max-snippet":"max-snippet:-1","max-image-preview":"max-image-preview:large","max-video-preview":"max-video-preview:-1"},"canonical":"https:\/\/global.territorium.com\/pt\/agendar-uma-demonstracao\/","og_locale":"pt_BR","og_type":"article","og_title":"Demonstra\u00e7\u00e3o de Registo de Aprendizagem Abrangente | Ver o Nosso Software | Territorium","og_description":"Agendar uma demonstra\u00e7\u00e3o TerritoriumCLR e ver como torna a aprendizagem e a aquisi\u00e7\u00e3o de compet\u00eancias mais acess\u00edveis e mensur\u00e1veis para estudantes de todas as idades e capacidades.","og_url":"https:\/\/global.territorium.com\/pt\/agendar-uma-demonstracao\/","og_site_name":"Territorium","twitter_card":"summary_large_image","schema":{"@context":"https:\/\/schema.org","@graph":[{"@type":"WebPage","@id":"https:\/\/global.territorium.com\/pt\/agendar-uma-demonstracao\/","url":"https:\/\/global.territorium.com\/pt\/agendar-uma-demonstracao\/","name":"Demonstra\u00e7\u00e3o de Registo de Aprendizagem Abrangente | Ver o Nosso Software | Territorium","isPartOf":{"@id":"https:\/\/global.territorium.com\/pt\/#website"},"datePublished":"2022-07-06T18:32:42+00:00","description":"Agendar uma demonstra\u00e7\u00e3o TerritoriumCLR e ver como torna a aprendizagem e a aquisi\u00e7\u00e3o de compet\u00eancias mais acess\u00edveis e mensur\u00e1veis para estudantes de todas as idades e capacidades.","breadcrumb":{"@id":"https:\/\/global.territorium.com\/pt\/agendar-uma-demonstracao\/#breadcrumb"},"inLanguage":"pt-BR","potentialAction":[{"@type":"ReadAction","target":["https:\/\/global.territorium.com\/pt\/agendar-uma-demonstracao\/"]}]},{"@type":"BreadcrumbList","@id":"https:\/\/global.territorium.com\/pt\/agendar-uma-demonstracao\/#breadcrumb","itemListElement":[{"@type":"ListItem","position":1,"name":"Home","item":"https:\/\/global.territorium.com\/pt\/"},{"@type":"ListItem","position":2,"name":"Agendar uma demonstra\u00e7\u00e3o"}]},{"@type":"WebSite","@id":"https:\/\/global.territorium.com\/pt\/#website","url":"https:\/\/global.territorium.com\/pt\/","name":"Territorium","description":"Bridging the gap between education and the workforce","publisher":{"@id":"https:\/\/global.territorium.com\/pt\/#organization"},"potentialAction":[{"@type":"SearchAction","target":{"@type":"EntryPoint","urlTemplate":"https:\/\/global.territorium.com\/pt\/?s={search_term_string}"},"query-input":{"@type":"PropertyValueSpecification","valueRequired":true,"valueName":"search_term_string"}}],"inLanguage":"pt-BR"},{"@type":"Organization","@id":"https:\/\/global.territorium.com\/pt\/#organization","name":"Territorium","url":"https:\/\/global.territorium.com\/pt\/","logo":{"@type":"ImageObject","inLanguage":"pt-BR","@id":"https:\/\/global.territorium.com\/pt\/#\/schema\/logo\/image\/","url":"https:\/\/territorium.com\/wp-content\/uploads\/2021\/09\/Territorium_Logo.Tagline.png","contentUrl":"https:\/\/territorium.com\/wp-content\/uploads\/2021\/09\/Territorium_Logo.Tagline.png","width":1788,"height":363,"caption":"Territorium"},"image":{"@id":"https:\/\/global.territorium.com\/pt\/#\/schema\/logo\/image\/"}}]}},"_links":{"self":[{"href":"https:\/\/global.territorium.com\/pt\/wp-json\/wp\/v2\/pages\/3578","targetHints":{"allow":["GET"]}}],"collection":[{"href":"https:\/\/global.territorium.com\/pt\/wp-json\/wp\/v2\/pages"}],"about":[{"href":"https:\/\/global.territorium.com\/pt\/wp-json\/wp\/v2\/types\/page"}],"author":[{"embeddable":true,"href":"https:\/\/global.territorium.com\/pt\/wp-json\/wp\/v2\/users\/2"}],"replies":[{"embeddable":true,"href":"https:\/\/global.territorium.com\/pt\/wp-json\/wp\/v2\/comments?post=3578"}],"version-history":[{"count":0,"href":"https:\/\/global.territorium.com\/pt\/wp-json\/wp\/v2\/pages\/3578\/revisions"}],"wp:attachment":[{"href":"https:\/\/global.territorium.com\/pt\/wp-json\/wp\/v2\/media?parent=3578"}],"curies":[{"name":"wp","href":"https:\/\/api.w.org\/{rel}","templated":true}]}}