{"id":3575,"date":"2022-07-06T17:49:48","date_gmt":"2022-07-06T17:49:48","guid":{"rendered":"https:\/\/territorium.com\/pais-e-estudantes\/"},"modified":"2022-07-06T17:49:48","modified_gmt":"2022-07-06T17:49:48","slug":"pais-e-estudantes","status":"publish","type":"page","link":"https:\/\/global.territorium.com\/pt\/pais-e-estudantes\/","title":{"rendered":"Pais e Estudantes"},"content":{"rendered":"","protected":false},"excerpt":{"rendered":"","protected":false},"author":2,"featured_media":0,"parent":0,"menu_order":0,"comment_status":"closed","ping_status":"closed","template":"template-modular.php","meta":{"_coblocks_attr":"","_coblocks_dimensions":"","_coblocks_responsive_height":"","_coblocks_accordion_ie_support":"","content-type":"","footnotes":"","_links_to":"","_links_to_target":""},"class_list":["post-3575","page","type-page","status-publish","hentry"],"acf":[],"yoast_head":"<!-- This site is optimized with the Yoast SEO plugin v27.3 - https:\/\/yoast.com\/product\/yoast-seo-wordpress\/ -->\n<title>Capture All Learning | Lifelong Skills Digital Wallet | Territorium<\/title>\n<meta name=\"description\" content=\"Preparar os alunos para o seu futuro dentro e fora da sala de aula, demonstrando e acompanhando os seus n\u00edveis de compet\u00eancias em \u00e1reas chave.\" \/>\n<meta name=\"robots\" content=\"index, follow, max-snippet:-1, max-image-preview:large, max-video-preview:-1\" \/>\n<link rel=\"canonical\" href=\"https:\/\/global.territorium.com\/pt\/pais-e-estudantes\/\" \/>\n<meta property=\"og:locale\" content=\"pt_BR\" \/>\n<meta property=\"og:type\" content=\"article\" \/>\n<meta property=\"og:title\" content=\"Capture All Learning | Lifelong Skills Digital Wallet | Territorium\" \/>\n<meta property=\"og:description\" content=\"Preparar os alunos para o seu futuro dentro e fora da sala de aula, demonstrando e acompanhando os seus n\u00edveis de compet\u00eancias em \u00e1reas chave.\" \/>\n<meta property=\"og:url\" content=\"https:\/\/global.territorium.com\/pt\/pais-e-estudantes\/\" \/>\n<meta property=\"og:site_name\" content=\"Territorium\" \/>\n<meta name=\"twitter:card\" content=\"summary_large_image\" \/>\n<script type=\"application\/ld+json\" class=\"yoast-schema-graph\">{\"@context\":\"https:\\\/\\\/schema.org\",\"@graph\":[{\"@type\":\"WebPage\",\"@id\":\"https:\\\/\\\/global.territorium.com\\\/pt\\\/pais-e-estudantes\\\/\",\"url\":\"https:\\\/\\\/global.territorium.com\\\/pt\\\/pais-e-estudantes\\\/\",\"name\":\"Capture All Learning | Lifelong Skills Digital Wallet | Territorium\",\"isPartOf\":{\"@id\":\"https:\\\/\\\/global.territorium.com\\\/pt\\\/#website\"},\"datePublished\":\"2022-07-06T17:49:48+00:00\",\"description\":\"Preparar os alunos para o seu futuro dentro e fora da sala de aula, demonstrando e acompanhando os seus n\u00edveis de compet\u00eancias em \u00e1reas chave.\",\"breadcrumb\":{\"@id\":\"https:\\\/\\\/global.territorium.com\\\/pt\\\/pais-e-estudantes\\\/#breadcrumb\"},\"inLanguage\":\"pt-BR\",\"potentialAction\":[{\"@type\":\"ReadAction\",\"target\":[\"https:\\\/\\\/global.territorium.com\\\/pt\\\/pais-e-estudantes\\\/\"]}]},{\"@type\":\"BreadcrumbList\",\"@id\":\"https:\\\/\\\/global.territorium.com\\\/pt\\\/pais-e-estudantes\\\/#breadcrumb\",\"itemListElement\":[{\"@type\":\"ListItem\",\"position\":1,\"name\":\"Home\",\"item\":\"https:\\\/\\\/global.territorium.com\\\/pt\\\/\"},{\"@type\":\"ListItem\",\"position\":2,\"name\":\"Pais e Estudantes\"}]},{\"@type\":\"WebSite\",\"@id\":\"https:\\\/\\\/global.territorium.com\\\/pt\\\/#website\",\"url\":\"https:\\\/\\\/global.territorium.com\\\/pt\\\/\",\"name\":\"Territorium\",\"description\":\"Bridging the gap between education and the workforce\",\"publisher\":{\"@id\":\"https:\\\/\\\/global.territorium.com\\\/pt\\\/#organization\"},\"potentialAction\":[{\"@type\":\"SearchAction\",\"target\":{\"@type\":\"EntryPoint\",\"urlTemplate\":\"https:\\\/\\\/global.territorium.com\\\/pt\\\/?s={search_term_string}\"},\"query-input\":{\"@type\":\"PropertyValueSpecification\",\"valueRequired\":true,\"valueName\":\"search_term_string\"}}],\"inLanguage\":\"pt-BR\"},{\"@type\":\"Organization\",\"@id\":\"https:\\\/\\\/global.territorium.com\\\/pt\\\/#organization\",\"name\":\"Territorium\",\"url\":\"https:\\\/\\\/global.territorium.com\\\/pt\\\/\",\"logo\":{\"@type\":\"ImageObject\",\"inLanguage\":\"pt-BR\",\"@id\":\"https:\\\/\\\/global.territorium.com\\\/pt\\\/#\\\/schema\\\/logo\\\/image\\\/\",\"url\":\"https:\\\/\\\/territorium.com\\\/wp-content\\\/uploads\\\/2021\\\/09\\\/Territorium_Logo.Tagline.png\",\"contentUrl\":\"https:\\\/\\\/territorium.com\\\/wp-content\\\/uploads\\\/2021\\\/09\\\/Territorium_Logo.Tagline.png\",\"width\":1788,\"height\":363,\"caption\":\"Territorium\"},\"image\":{\"@id\":\"https:\\\/\\\/global.territorium.com\\\/pt\\\/#\\\/schema\\\/logo\\\/image\\\/\"}}]}<\/script>\n<!-- \/ Yoast SEO plugin. -->","yoast_head_json":{"title":"Capture All Learning | Lifelong Skills Digital Wallet | Territorium","description":"Preparar os alunos para o seu futuro dentro e fora da sala de aula, demonstrando e acompanhando os seus n\u00edveis de compet\u00eancias em \u00e1reas chave.","robots":{"index":"index","follow":"follow","max-snippet":"max-snippet:-1","max-image-preview":"max-image-preview:large","max-video-preview":"max-video-preview:-1"},"canonical":"https:\/\/global.territorium.com\/pt\/pais-e-estudantes\/","og_locale":"pt_BR","og_type":"article","og_title":"Capture All Learning | Lifelong Skills Digital Wallet | Territorium","og_description":"Preparar os alunos para o seu futuro dentro e fora da sala de aula, demonstrando e acompanhando os seus n\u00edveis de compet\u00eancias em \u00e1reas chave.","og_url":"https:\/\/global.territorium.com\/pt\/pais-e-estudantes\/","og_site_name":"Territorium","twitter_card":"summary_large_image","schema":{"@context":"https:\/\/schema.org","@graph":[{"@type":"WebPage","@id":"https:\/\/global.territorium.com\/pt\/pais-e-estudantes\/","url":"https:\/\/global.territorium.com\/pt\/pais-e-estudantes\/","name":"Capture All Learning | Lifelong Skills Digital Wallet | Territorium","isPartOf":{"@id":"https:\/\/global.territorium.com\/pt\/#website"},"datePublished":"2022-07-06T17:49:48+00:00","description":"Preparar os alunos para o seu futuro dentro e fora da sala de aula, demonstrando e acompanhando os seus n\u00edveis de compet\u00eancias em \u00e1reas chave.","breadcrumb":{"@id":"https:\/\/global.territorium.com\/pt\/pais-e-estudantes\/#breadcrumb"},"inLanguage":"pt-BR","potentialAction":[{"@type":"ReadAction","target":["https:\/\/global.territorium.com\/pt\/pais-e-estudantes\/"]}]},{"@type":"BreadcrumbList","@id":"https:\/\/global.territorium.com\/pt\/pais-e-estudantes\/#breadcrumb","itemListElement":[{"@type":"ListItem","position":1,"name":"Home","item":"https:\/\/global.territorium.com\/pt\/"},{"@type":"ListItem","position":2,"name":"Pais e Estudantes"}]},{"@type":"WebSite","@id":"https:\/\/global.territorium.com\/pt\/#website","url":"https:\/\/global.territorium.com\/pt\/","name":"Territorium","description":"Bridging the gap between education and the workforce","publisher":{"@id":"https:\/\/global.territorium.com\/pt\/#organization"},"potentialAction":[{"@type":"SearchAction","target":{"@type":"EntryPoint","urlTemplate":"https:\/\/global.territorium.com\/pt\/?s={search_term_string}"},"query-input":{"@type":"PropertyValueSpecification","valueRequired":true,"valueName":"search_term_string"}}],"inLanguage":"pt-BR"},{"@type":"Organization","@id":"https:\/\/global.territorium.com\/pt\/#organization","name":"Territorium","url":"https:\/\/global.territorium.com\/pt\/","logo":{"@type":"ImageObject","inLanguage":"pt-BR","@id":"https:\/\/global.territorium.com\/pt\/#\/schema\/logo\/image\/","url":"https:\/\/territorium.com\/wp-content\/uploads\/2021\/09\/Territorium_Logo.Tagline.png","contentUrl":"https:\/\/territorium.com\/wp-content\/uploads\/2021\/09\/Territorium_Logo.Tagline.png","width":1788,"height":363,"caption":"Territorium"},"image":{"@id":"https:\/\/global.territorium.com\/pt\/#\/schema\/logo\/image\/"}}]}},"_links":{"self":[{"href":"https:\/\/global.territorium.com\/pt\/wp-json\/wp\/v2\/pages\/3575","targetHints":{"allow":["GET"]}}],"collection":[{"href":"https:\/\/global.territorium.com\/pt\/wp-json\/wp\/v2\/pages"}],"about":[{"href":"https:\/\/global.territorium.com\/pt\/wp-json\/wp\/v2\/types\/page"}],"author":[{"embeddable":true,"href":"https:\/\/global.territorium.com\/pt\/wp-json\/wp\/v2\/users\/2"}],"replies":[{"embeddable":true,"href":"https:\/\/global.territorium.com\/pt\/wp-json\/wp\/v2\/comments?post=3575"}],"version-history":[{"count":0,"href":"https:\/\/global.territorium.com\/pt\/wp-json\/wp\/v2\/pages\/3575\/revisions"}],"wp:attachment":[{"href":"https:\/\/global.territorium.com\/pt\/wp-json\/wp\/v2\/media?parent=3575"}],"curies":[{"name":"wp","href":"https:\/\/api.w.org\/{rel}","templated":true}]}}