{"id":3574,"date":"2022-07-06T17:45:29","date_gmt":"2022-07-06T17:45:29","guid":{"rendered":"https:\/\/territorium.com\/lxp\/"},"modified":"2022-07-06T17:45:29","modified_gmt":"2022-07-06T17:45:29","slug":"lxp","status":"publish","type":"page","link":"https:\/\/global.territorium.com\/pt\/lxp\/","title":{"rendered":"LXP"},"content":{"rendered":"","protected":false},"excerpt":{"rendered":"","protected":false},"author":2,"featured_media":0,"parent":0,"menu_order":0,"comment_status":"closed","ping_status":"closed","template":"template-modular.php","meta":{"_coblocks_attr":"","_coblocks_dimensions":"","_coblocks_responsive_height":"","_coblocks_accordion_ie_support":"","content-type":"","footnotes":"","_links_to":"","_links_to_target":""},"class_list":["post-3574","page","type-page","status-publish","hentry"],"acf":[],"yoast_head":"<!-- This site is optimized with the Yoast SEO plugin v27.3 - https:\/\/yoast.com\/product\/yoast-seo-wordpress\/ -->\n<title>Sistema de Gest\u00e3o da Aprendizagem | Melhoria do Ensino | Territorium<\/title>\n<meta name=\"description\" content=\"O Sistema de Gest\u00e3o de Aprendizagem LXP do Territorium permite aos educadores proporcionar experi\u00eancias de aprendizagem personalizadas e adapt\u00e1veis aos aprendentes de todas as capacidades\" \/>\n<meta name=\"robots\" content=\"index, follow, max-snippet:-1, max-image-preview:large, max-video-preview:-1\" \/>\n<link rel=\"canonical\" href=\"https:\/\/global.territorium.com\/pt\/lxp\/\" \/>\n<meta property=\"og:locale\" content=\"pt_BR\" \/>\n<meta property=\"og:type\" content=\"article\" \/>\n<meta property=\"og:title\" content=\"Sistema de Gest\u00e3o da Aprendizagem | Melhoria do Ensino | Territorium\" \/>\n<meta property=\"og:description\" content=\"O Sistema de Gest\u00e3o de Aprendizagem LXP do Territorium permite aos educadores proporcionar experi\u00eancias de aprendizagem personalizadas e adapt\u00e1veis aos aprendentes de todas as capacidades\" \/>\n<meta property=\"og:url\" content=\"https:\/\/global.territorium.com\/pt\/lxp\/\" \/>\n<meta property=\"og:site_name\" content=\"Territorium\" \/>\n<meta name=\"twitter:card\" content=\"summary_large_image\" \/>\n<script type=\"application\/ld+json\" class=\"yoast-schema-graph\">{\"@context\":\"https:\\\/\\\/schema.org\",\"@graph\":[{\"@type\":\"WebPage\",\"@id\":\"https:\\\/\\\/global.territorium.com\\\/pt\\\/lxp\\\/\",\"url\":\"https:\\\/\\\/global.territorium.com\\\/pt\\\/lxp\\\/\",\"name\":\"Sistema de Gest\u00e3o da Aprendizagem | Melhoria do Ensino | Territorium\",\"isPartOf\":{\"@id\":\"https:\\\/\\\/global.territorium.com\\\/pt\\\/#website\"},\"datePublished\":\"2022-07-06T17:45:29+00:00\",\"description\":\"O Sistema de Gest\u00e3o de Aprendizagem LXP do Territorium permite aos educadores proporcionar experi\u00eancias de aprendizagem personalizadas e adapt\u00e1veis aos aprendentes de todas as capacidades\",\"breadcrumb\":{\"@id\":\"https:\\\/\\\/global.territorium.com\\\/pt\\\/lxp\\\/#breadcrumb\"},\"inLanguage\":\"pt-BR\",\"potentialAction\":[{\"@type\":\"ReadAction\",\"target\":[\"https:\\\/\\\/global.territorium.com\\\/pt\\\/lxp\\\/\"]}]},{\"@type\":\"BreadcrumbList\",\"@id\":\"https:\\\/\\\/global.territorium.com\\\/pt\\\/lxp\\\/#breadcrumb\",\"itemListElement\":[{\"@type\":\"ListItem\",\"position\":1,\"name\":\"Home\",\"item\":\"https:\\\/\\\/global.territorium.com\\\/pt\\\/\"},{\"@type\":\"ListItem\",\"position\":2,\"name\":\"LXP\"}]},{\"@type\":\"WebSite\",\"@id\":\"https:\\\/\\\/global.territorium.com\\\/pt\\\/#website\",\"url\":\"https:\\\/\\\/global.territorium.com\\\/pt\\\/\",\"name\":\"Territorium\",\"description\":\"Bridging the gap between education and the workforce\",\"publisher\":{\"@id\":\"https:\\\/\\\/global.territorium.com\\\/pt\\\/#organization\"},\"potentialAction\":[{\"@type\":\"SearchAction\",\"target\":{\"@type\":\"EntryPoint\",\"urlTemplate\":\"https:\\\/\\\/global.territorium.com\\\/pt\\\/?s={search_term_string}\"},\"query-input\":{\"@type\":\"PropertyValueSpecification\",\"valueRequired\":true,\"valueName\":\"search_term_string\"}}],\"inLanguage\":\"pt-BR\"},{\"@type\":\"Organization\",\"@id\":\"https:\\\/\\\/global.territorium.com\\\/pt\\\/#organization\",\"name\":\"Territorium\",\"url\":\"https:\\\/\\\/global.territorium.com\\\/pt\\\/\",\"logo\":{\"@type\":\"ImageObject\",\"inLanguage\":\"pt-BR\",\"@id\":\"https:\\\/\\\/global.territorium.com\\\/pt\\\/#\\\/schema\\\/logo\\\/image\\\/\",\"url\":\"https:\\\/\\\/territorium.com\\\/wp-content\\\/uploads\\\/2021\\\/09\\\/Territorium_Logo.Tagline.png\",\"contentUrl\":\"https:\\\/\\\/territorium.com\\\/wp-content\\\/uploads\\\/2021\\\/09\\\/Territorium_Logo.Tagline.png\",\"width\":1788,\"height\":363,\"caption\":\"Territorium\"},\"image\":{\"@id\":\"https:\\\/\\\/global.territorium.com\\\/pt\\\/#\\\/schema\\\/logo\\\/image\\\/\"}}]}<\/script>\n<!-- \/ Yoast SEO plugin. -->","yoast_head_json":{"title":"Sistema de Gest\u00e3o da Aprendizagem | Melhoria do Ensino | Territorium","description":"O Sistema de Gest\u00e3o de Aprendizagem LXP do Territorium permite aos educadores proporcionar experi\u00eancias de aprendizagem personalizadas e adapt\u00e1veis aos aprendentes de todas as capacidades","robots":{"index":"index","follow":"follow","max-snippet":"max-snippet:-1","max-image-preview":"max-image-preview:large","max-video-preview":"max-video-preview:-1"},"canonical":"https:\/\/global.territorium.com\/pt\/lxp\/","og_locale":"pt_BR","og_type":"article","og_title":"Sistema de Gest\u00e3o da Aprendizagem | Melhoria do Ensino | Territorium","og_description":"O Sistema de Gest\u00e3o de Aprendizagem LXP do Territorium permite aos educadores proporcionar experi\u00eancias de aprendizagem personalizadas e adapt\u00e1veis aos aprendentes de todas as capacidades","og_url":"https:\/\/global.territorium.com\/pt\/lxp\/","og_site_name":"Territorium","twitter_card":"summary_large_image","schema":{"@context":"https:\/\/schema.org","@graph":[{"@type":"WebPage","@id":"https:\/\/global.territorium.com\/pt\/lxp\/","url":"https:\/\/global.territorium.com\/pt\/lxp\/","name":"Sistema de Gest\u00e3o da Aprendizagem | Melhoria do Ensino | Territorium","isPartOf":{"@id":"https:\/\/global.territorium.com\/pt\/#website"},"datePublished":"2022-07-06T17:45:29+00:00","description":"O Sistema de Gest\u00e3o de Aprendizagem LXP do Territorium permite aos educadores proporcionar experi\u00eancias de aprendizagem personalizadas e adapt\u00e1veis aos aprendentes de todas as capacidades","breadcrumb":{"@id":"https:\/\/global.territorium.com\/pt\/lxp\/#breadcrumb"},"inLanguage":"pt-BR","potentialAction":[{"@type":"ReadAction","target":["https:\/\/global.territorium.com\/pt\/lxp\/"]}]},{"@type":"BreadcrumbList","@id":"https:\/\/global.territorium.com\/pt\/lxp\/#breadcrumb","itemListElement":[{"@type":"ListItem","position":1,"name":"Home","item":"https:\/\/global.territorium.com\/pt\/"},{"@type":"ListItem","position":2,"name":"LXP"}]},{"@type":"WebSite","@id":"https:\/\/global.territorium.com\/pt\/#website","url":"https:\/\/global.territorium.com\/pt\/","name":"Territorium","description":"Bridging the gap between education and the workforce","publisher":{"@id":"https:\/\/global.territorium.com\/pt\/#organization"},"potentialAction":[{"@type":"SearchAction","target":{"@type":"EntryPoint","urlTemplate":"https:\/\/global.territorium.com\/pt\/?s={search_term_string}"},"query-input":{"@type":"PropertyValueSpecification","valueRequired":true,"valueName":"search_term_string"}}],"inLanguage":"pt-BR"},{"@type":"Organization","@id":"https:\/\/global.territorium.com\/pt\/#organization","name":"Territorium","url":"https:\/\/global.territorium.com\/pt\/","logo":{"@type":"ImageObject","inLanguage":"pt-BR","@id":"https:\/\/global.territorium.com\/pt\/#\/schema\/logo\/image\/","url":"https:\/\/territorium.com\/wp-content\/uploads\/2021\/09\/Territorium_Logo.Tagline.png","contentUrl":"https:\/\/territorium.com\/wp-content\/uploads\/2021\/09\/Territorium_Logo.Tagline.png","width":1788,"height":363,"caption":"Territorium"},"image":{"@id":"https:\/\/global.territorium.com\/pt\/#\/schema\/logo\/image\/"}}]}},"_links":{"self":[{"href":"https:\/\/global.territorium.com\/pt\/wp-json\/wp\/v2\/pages\/3574","targetHints":{"allow":["GET"]}}],"collection":[{"href":"https:\/\/global.territorium.com\/pt\/wp-json\/wp\/v2\/pages"}],"about":[{"href":"https:\/\/global.territorium.com\/pt\/wp-json\/wp\/v2\/types\/page"}],"author":[{"embeddable":true,"href":"https:\/\/global.territorium.com\/pt\/wp-json\/wp\/v2\/users\/2"}],"replies":[{"embeddable":true,"href":"https:\/\/global.territorium.com\/pt\/wp-json\/wp\/v2\/comments?post=3574"}],"version-history":[{"count":0,"href":"https:\/\/global.territorium.com\/pt\/wp-json\/wp\/v2\/pages\/3574\/revisions"}],"wp:attachment":[{"href":"https:\/\/global.territorium.com\/pt\/wp-json\/wp\/v2\/media?parent=3574"}],"curies":[{"name":"wp","href":"https:\/\/api.w.org\/{rel}","templated":true}]}}