{"id":3559,"date":"2022-06-28T18:18:02","date_gmt":"2022-06-28T18:18:02","guid":{"rendered":"https:\/\/territorium.com\/contacto\/"},"modified":"2023-01-25T10:30:32","modified_gmt":"2023-01-25T16:30:32","slug":"contacto","status":"publish","type":"page","link":"https:\/\/global.territorium.com\/pt\/contacto\/","title":{"rendered":"Contacto"},"content":{"rendered":"<h2>FALE-NOS DOS SEUS OBJECTIVOS DE APRENDIZAGEM E SUCESSO DOS ESTUDANTES<\/h2>\n<h3>OS NOSSOS ESCRIT\u00d3RIOS<\/h3>\n","protected":false},"excerpt":{"rendered":"<p>FALE-NOS DOS SEUS OBJECTIVOS DE APRENDIZAGEM E SUCESSO DOS ESTUDANTES OS NOSSOS ESCRIT\u00d3RIOS<\/p>\n","protected":false},"author":2,"featured_media":0,"parent":0,"menu_order":0,"comment_status":"closed","ping_status":"closed","template":"template-contact.php","meta":{"_coblocks_attr":"","_coblocks_dimensions":"","_coblocks_responsive_height":"","_coblocks_accordion_ie_support":"","content-type":"","footnotes":"","_links_to":"","_links_to_target":""},"class_list":["post-3559","page","type-page","status-publish","hentry"],"acf":[],"yoast_head":"<!-- This site is optimized with the Yoast SEO plugin v27.3 - https:\/\/yoast.com\/product\/yoast-seo-wordpress\/ -->\n<title>Contacto | Territorium<\/title>\n<meta name=\"description\" content=\"O ecossistema Territorium promove a aprendizagem equitativa para todos atrav\u00e9s do rastreio de aptid\u00f5es e compet\u00eancias - e n\u00e3o apenas do desempenho na sala de aula. Contacte-nos para saber mais.\" \/>\n<meta name=\"robots\" content=\"index, follow, max-snippet:-1, max-image-preview:large, max-video-preview:-1\" \/>\n<link rel=\"canonical\" href=\"https:\/\/global.territorium.com\/pt\/contacto\/\" \/>\n<meta property=\"og:locale\" content=\"pt_BR\" \/>\n<meta property=\"og:type\" content=\"article\" \/>\n<meta property=\"og:title\" content=\"Contacto | Territorium\" \/>\n<meta property=\"og:description\" content=\"O ecossistema Territorium promove a aprendizagem equitativa para todos atrav\u00e9s do rastreio de aptid\u00f5es e compet\u00eancias - e n\u00e3o apenas do desempenho na sala de aula. Contacte-nos para saber mais.\" \/>\n<meta property=\"og:url\" content=\"https:\/\/global.territorium.com\/pt\/contacto\/\" \/>\n<meta property=\"og:site_name\" content=\"Territorium\" \/>\n<meta property=\"article:modified_time\" content=\"2023-01-25T16:30:32+00:00\" \/>\n<meta name=\"twitter:card\" content=\"summary_large_image\" \/>\n<meta name=\"twitter:label1\" content=\"Est. tempo de leitura\" \/>\n\t<meta name=\"twitter:data1\" content=\"1 minuto\" \/>\n<script type=\"application\/ld+json\" class=\"yoast-schema-graph\">{\"@context\":\"https:\\\/\\\/schema.org\",\"@graph\":[{\"@type\":\"WebPage\",\"@id\":\"https:\\\/\\\/global.territorium.com\\\/pt\\\/contacto\\\/\",\"url\":\"https:\\\/\\\/global.territorium.com\\\/pt\\\/contacto\\\/\",\"name\":\"Contacto | Territorium\",\"isPartOf\":{\"@id\":\"https:\\\/\\\/global.territorium.com\\\/pt\\\/#website\"},\"datePublished\":\"2022-06-28T18:18:02+00:00\",\"dateModified\":\"2023-01-25T16:30:32+00:00\",\"description\":\"O ecossistema Territorium promove a aprendizagem equitativa para todos atrav\u00e9s do rastreio de aptid\u00f5es e compet\u00eancias - e n\u00e3o apenas do desempenho na sala de aula. Contacte-nos para saber mais.\",\"breadcrumb\":{\"@id\":\"https:\\\/\\\/global.territorium.com\\\/pt\\\/contacto\\\/#breadcrumb\"},\"inLanguage\":\"pt-BR\",\"potentialAction\":[{\"@type\":\"ReadAction\",\"target\":[\"https:\\\/\\\/global.territorium.com\\\/pt\\\/contacto\\\/\"]}]},{\"@type\":\"BreadcrumbList\",\"@id\":\"https:\\\/\\\/global.territorium.com\\\/pt\\\/contacto\\\/#breadcrumb\",\"itemListElement\":[{\"@type\":\"ListItem\",\"position\":1,\"name\":\"Home\",\"item\":\"https:\\\/\\\/global.territorium.com\\\/pt\\\/\"},{\"@type\":\"ListItem\",\"position\":2,\"name\":\"Contacto\"}]},{\"@type\":\"WebSite\",\"@id\":\"https:\\\/\\\/global.territorium.com\\\/pt\\\/#website\",\"url\":\"https:\\\/\\\/global.territorium.com\\\/pt\\\/\",\"name\":\"Territorium\",\"description\":\"Bridging the gap between education and the workforce\",\"publisher\":{\"@id\":\"https:\\\/\\\/global.territorium.com\\\/pt\\\/#organization\"},\"potentialAction\":[{\"@type\":\"SearchAction\",\"target\":{\"@type\":\"EntryPoint\",\"urlTemplate\":\"https:\\\/\\\/global.territorium.com\\\/pt\\\/?s={search_term_string}\"},\"query-input\":{\"@type\":\"PropertyValueSpecification\",\"valueRequired\":true,\"valueName\":\"search_term_string\"}}],\"inLanguage\":\"pt-BR\"},{\"@type\":\"Organization\",\"@id\":\"https:\\\/\\\/global.territorium.com\\\/pt\\\/#organization\",\"name\":\"Territorium\",\"url\":\"https:\\\/\\\/global.territorium.com\\\/pt\\\/\",\"logo\":{\"@type\":\"ImageObject\",\"inLanguage\":\"pt-BR\",\"@id\":\"https:\\\/\\\/global.territorium.com\\\/pt\\\/#\\\/schema\\\/logo\\\/image\\\/\",\"url\":\"https:\\\/\\\/territorium.com\\\/wp-content\\\/uploads\\\/2021\\\/09\\\/Territorium_Logo.Tagline.png\",\"contentUrl\":\"https:\\\/\\\/territorium.com\\\/wp-content\\\/uploads\\\/2021\\\/09\\\/Territorium_Logo.Tagline.png\",\"width\":1788,\"height\":363,\"caption\":\"Territorium\"},\"image\":{\"@id\":\"https:\\\/\\\/global.territorium.com\\\/pt\\\/#\\\/schema\\\/logo\\\/image\\\/\"}}]}<\/script>\n<!-- \/ Yoast SEO plugin. -->","yoast_head_json":{"title":"Contacto | Territorium","description":"O ecossistema Territorium promove a aprendizagem equitativa para todos atrav\u00e9s do rastreio de aptid\u00f5es e compet\u00eancias - e n\u00e3o apenas do desempenho na sala de aula. Contacte-nos para saber mais.","robots":{"index":"index","follow":"follow","max-snippet":"max-snippet:-1","max-image-preview":"max-image-preview:large","max-video-preview":"max-video-preview:-1"},"canonical":"https:\/\/global.territorium.com\/pt\/contacto\/","og_locale":"pt_BR","og_type":"article","og_title":"Contacto | Territorium","og_description":"O ecossistema Territorium promove a aprendizagem equitativa para todos atrav\u00e9s do rastreio de aptid\u00f5es e compet\u00eancias - e n\u00e3o apenas do desempenho na sala de aula. Contacte-nos para saber mais.","og_url":"https:\/\/global.territorium.com\/pt\/contacto\/","og_site_name":"Territorium","article_modified_time":"2023-01-25T16:30:32+00:00","twitter_card":"summary_large_image","twitter_misc":{"Est. tempo de leitura":"1 minuto"},"schema":{"@context":"https:\/\/schema.org","@graph":[{"@type":"WebPage","@id":"https:\/\/global.territorium.com\/pt\/contacto\/","url":"https:\/\/global.territorium.com\/pt\/contacto\/","name":"Contacto | Territorium","isPartOf":{"@id":"https:\/\/global.territorium.com\/pt\/#website"},"datePublished":"2022-06-28T18:18:02+00:00","dateModified":"2023-01-25T16:30:32+00:00","description":"O ecossistema Territorium promove a aprendizagem equitativa para todos atrav\u00e9s do rastreio de aptid\u00f5es e compet\u00eancias - e n\u00e3o apenas do desempenho na sala de aula. Contacte-nos para saber mais.","breadcrumb":{"@id":"https:\/\/global.territorium.com\/pt\/contacto\/#breadcrumb"},"inLanguage":"pt-BR","potentialAction":[{"@type":"ReadAction","target":["https:\/\/global.territorium.com\/pt\/contacto\/"]}]},{"@type":"BreadcrumbList","@id":"https:\/\/global.territorium.com\/pt\/contacto\/#breadcrumb","itemListElement":[{"@type":"ListItem","position":1,"name":"Home","item":"https:\/\/global.territorium.com\/pt\/"},{"@type":"ListItem","position":2,"name":"Contacto"}]},{"@type":"WebSite","@id":"https:\/\/global.territorium.com\/pt\/#website","url":"https:\/\/global.territorium.com\/pt\/","name":"Territorium","description":"Bridging the gap between education and the workforce","publisher":{"@id":"https:\/\/global.territorium.com\/pt\/#organization"},"potentialAction":[{"@type":"SearchAction","target":{"@type":"EntryPoint","urlTemplate":"https:\/\/global.territorium.com\/pt\/?s={search_term_string}"},"query-input":{"@type":"PropertyValueSpecification","valueRequired":true,"valueName":"search_term_string"}}],"inLanguage":"pt-BR"},{"@type":"Organization","@id":"https:\/\/global.territorium.com\/pt\/#organization","name":"Territorium","url":"https:\/\/global.territorium.com\/pt\/","logo":{"@type":"ImageObject","inLanguage":"pt-BR","@id":"https:\/\/global.territorium.com\/pt\/#\/schema\/logo\/image\/","url":"https:\/\/territorium.com\/wp-content\/uploads\/2021\/09\/Territorium_Logo.Tagline.png","contentUrl":"https:\/\/territorium.com\/wp-content\/uploads\/2021\/09\/Territorium_Logo.Tagline.png","width":1788,"height":363,"caption":"Territorium"},"image":{"@id":"https:\/\/global.territorium.com\/pt\/#\/schema\/logo\/image\/"}}]}},"_links":{"self":[{"href":"https:\/\/global.territorium.com\/pt\/wp-json\/wp\/v2\/pages\/3559","targetHints":{"allow":["GET"]}}],"collection":[{"href":"https:\/\/global.territorium.com\/pt\/wp-json\/wp\/v2\/pages"}],"about":[{"href":"https:\/\/global.territorium.com\/pt\/wp-json\/wp\/v2\/types\/page"}],"author":[{"embeddable":true,"href":"https:\/\/global.territorium.com\/pt\/wp-json\/wp\/v2\/users\/2"}],"replies":[{"embeddable":true,"href":"https:\/\/global.territorium.com\/pt\/wp-json\/wp\/v2\/comments?post=3559"}],"version-history":[{"count":4,"href":"https:\/\/global.territorium.com\/pt\/wp-json\/wp\/v2\/pages\/3559\/revisions"}],"predecessor-version":[{"id":4103,"href":"https:\/\/global.territorium.com\/pt\/wp-json\/wp\/v2\/pages\/3559\/revisions\/4103"}],"wp:attachment":[{"href":"https:\/\/global.territorium.com\/pt\/wp-json\/wp\/v2\/media?parent=3559"}],"curies":[{"name":"wp","href":"https:\/\/api.w.org\/{rel}","templated":true}]}}