{"id":1258,"date":"2021-12-07T15:53:18","date_gmt":"2021-12-07T15:53:18","guid":{"rendered":"https:\/\/territorium.com\/home\/"},"modified":"2023-01-26T05:14:24","modified_gmt":"2023-01-26T11:14:24","slug":"home","status":"publish","type":"page","link":"https:\/\/global.territorium.com\/pt\/home\/?lang=es","title":{"rendered":"Home"},"content":{"rendered":"<h1>Cada experiencia de aprendizaje, capturada<\/h1>\n<p>Registros de competencias basados en inteligencia artificial para estudiantes y empleadores del siglo XXI<\/p>\n<p>&nbsp;<\/p>\n","protected":false},"excerpt":{"rendered":"<p>Cada experiencia de aprendizaje, capturada Registros de competencias basados en inteligencia artificial para estudiantes y empleadores del siglo XXI &nbsp;<\/p>\n","protected":false},"author":1,"featured_media":0,"parent":0,"menu_order":0,"comment_status":"closed","ping_status":"closed","template":"","meta":{"_coblocks_attr":"","_coblocks_dimensions":"","_coblocks_responsive_height":"","_coblocks_accordion_ie_support":"","content-type":"","footnotes":"","_links_to":"","_links_to_target":""},"class_list":["post-1258","page","type-page","status-publish","hentry"],"acf":[],"yoast_head":"<!-- This site is optimized with the Yoast SEO plugin v27.3 - https:\/\/yoast.com\/product\/yoast-seo-wordpress\/ -->\n<title>Territorium | El aprendizaje ocurre en todas partes<\/title>\n<meta name=\"description\" content=\"Territorium es una empresa de tecnolog\u00eda educativa global que hace que el aprendizaje y la adquisici\u00f3n de habilidades sean m\u00e1s accesibles y medibles para todos.\" \/>\n<meta name=\"robots\" content=\"index, follow, max-snippet:-1, max-image-preview:large, max-video-preview:-1\" \/>\n<link rel=\"canonical\" href=\"https:\/\/global.territorium.com\/pt\/?lang=es\" \/>\n<meta property=\"og:locale\" content=\"pt_BR\" \/>\n<meta property=\"og:type\" content=\"article\" \/>\n<meta property=\"og:title\" content=\"Territorium | El aprendizaje ocurre en todas partes\" \/>\n<meta property=\"og:description\" content=\"Territorium es una empresa de tecnolog\u00eda educativa global que hace que el aprendizaje y la adquisici\u00f3n de habilidades sean m\u00e1s accesibles y medibles para todos.\" \/>\n<meta property=\"og:url\" content=\"https:\/\/global.territorium.com\/pt\/?lang=es\" \/>\n<meta property=\"og:site_name\" content=\"Territorium\" \/>\n<meta property=\"article:modified_time\" content=\"2023-01-26T11:14:24+00:00\" \/>\n<meta name=\"twitter:card\" content=\"summary_large_image\" \/>\n<meta name=\"twitter:label1\" content=\"Est. tempo de leitura\" \/>\n\t<meta name=\"twitter:data1\" content=\"1 minuto\" \/>\n<script type=\"application\/ld+json\" class=\"yoast-schema-graph\">{\"@context\":\"https:\\\/\\\/schema.org\",\"@graph\":[{\"@type\":\"WebPage\",\"@id\":\"https:\\\/\\\/global.territorium.com\\\/pt\\\/?lang=es\",\"url\":\"https:\\\/\\\/global.territorium.com\\\/pt\\\/?lang=es\",\"name\":\"Territorium | El aprendizaje ocurre en todas partes\",\"isPartOf\":{\"@id\":\"https:\\\/\\\/global.territorium.com\\\/pt\\\/#website\"},\"datePublished\":\"2021-12-07T15:53:18+00:00\",\"dateModified\":\"2023-01-26T11:14:24+00:00\",\"description\":\"Territorium es una empresa de tecnolog\u00eda educativa global que hace que el aprendizaje y la adquisici\u00f3n de habilidades sean m\u00e1s accesibles y medibles para todos.\",\"breadcrumb\":{\"@id\":\"https:\\\/\\\/global.territorium.com\\\/pt\\\/?lang=es#breadcrumb\"},\"inLanguage\":\"pt-BR\",\"potentialAction\":[{\"@type\":\"ReadAction\",\"target\":[\"https:\\\/\\\/global.territorium.com\\\/pt\\\/?lang=es\"]}]},{\"@type\":\"BreadcrumbList\",\"@id\":\"https:\\\/\\\/global.territorium.com\\\/pt\\\/?lang=es#breadcrumb\",\"itemListElement\":[{\"@type\":\"ListItem\",\"position\":1,\"name\":\"Home\",\"item\":\"https:\\\/\\\/global.territorium.com\\\/pt\\\/\"},{\"@type\":\"ListItem\",\"position\":2,\"name\":\"Home\"}]},{\"@type\":\"WebSite\",\"@id\":\"https:\\\/\\\/global.territorium.com\\\/pt\\\/#website\",\"url\":\"https:\\\/\\\/global.territorium.com\\\/pt\\\/\",\"name\":\"Territorium\",\"description\":\"Bridging the gap between education and the workforce\",\"publisher\":{\"@id\":\"https:\\\/\\\/global.territorium.com\\\/pt\\\/#organization\"},\"potentialAction\":[{\"@type\":\"SearchAction\",\"target\":{\"@type\":\"EntryPoint\",\"urlTemplate\":\"https:\\\/\\\/global.territorium.com\\\/pt\\\/?s={search_term_string}\"},\"query-input\":{\"@type\":\"PropertyValueSpecification\",\"valueRequired\":true,\"valueName\":\"search_term_string\"}}],\"inLanguage\":\"pt-BR\"},{\"@type\":\"Organization\",\"@id\":\"https:\\\/\\\/global.territorium.com\\\/pt\\\/#organization\",\"name\":\"Territorium\",\"url\":\"https:\\\/\\\/global.territorium.com\\\/pt\\\/\",\"logo\":{\"@type\":\"ImageObject\",\"inLanguage\":\"pt-BR\",\"@id\":\"https:\\\/\\\/global.territorium.com\\\/pt\\\/#\\\/schema\\\/logo\\\/image\\\/\",\"url\":\"https:\\\/\\\/territorium.com\\\/wp-content\\\/uploads\\\/2021\\\/09\\\/Territorium_Logo.Tagline.png\",\"contentUrl\":\"https:\\\/\\\/territorium.com\\\/wp-content\\\/uploads\\\/2021\\\/09\\\/Territorium_Logo.Tagline.png\",\"width\":1788,\"height\":363,\"caption\":\"Territorium\"},\"image\":{\"@id\":\"https:\\\/\\\/global.territorium.com\\\/pt\\\/#\\\/schema\\\/logo\\\/image\\\/\"}}]}<\/script>\n<!-- \/ Yoast SEO plugin. -->","yoast_head_json":{"title":"Territorium | El aprendizaje ocurre en todas partes","description":"Territorium es una empresa de tecnolog\u00eda educativa global que hace que el aprendizaje y la adquisici\u00f3n de habilidades sean m\u00e1s accesibles y medibles para todos.","robots":{"index":"index","follow":"follow","max-snippet":"max-snippet:-1","max-image-preview":"max-image-preview:large","max-video-preview":"max-video-preview:-1"},"canonical":"https:\/\/global.territorium.com\/pt\/?lang=es","og_locale":"pt_BR","og_type":"article","og_title":"Territorium | El aprendizaje ocurre en todas partes","og_description":"Territorium es una empresa de tecnolog\u00eda educativa global que hace que el aprendizaje y la adquisici\u00f3n de habilidades sean m\u00e1s accesibles y medibles para todos.","og_url":"https:\/\/global.territorium.com\/pt\/?lang=es","og_site_name":"Territorium","article_modified_time":"2023-01-26T11:14:24+00:00","twitter_card":"summary_large_image","twitter_misc":{"Est. tempo de leitura":"1 minuto"},"schema":{"@context":"https:\/\/schema.org","@graph":[{"@type":"WebPage","@id":"https:\/\/global.territorium.com\/pt\/?lang=es","url":"https:\/\/global.territorium.com\/pt\/?lang=es","name":"Territorium | El aprendizaje ocurre en todas partes","isPartOf":{"@id":"https:\/\/global.territorium.com\/pt\/#website"},"datePublished":"2021-12-07T15:53:18+00:00","dateModified":"2023-01-26T11:14:24+00:00","description":"Territorium es una empresa de tecnolog\u00eda educativa global que hace que el aprendizaje y la adquisici\u00f3n de habilidades sean m\u00e1s accesibles y medibles para todos.","breadcrumb":{"@id":"https:\/\/global.territorium.com\/pt\/?lang=es#breadcrumb"},"inLanguage":"pt-BR","potentialAction":[{"@type":"ReadAction","target":["https:\/\/global.territorium.com\/pt\/?lang=es"]}]},{"@type":"BreadcrumbList","@id":"https:\/\/global.territorium.com\/pt\/?lang=es#breadcrumb","itemListElement":[{"@type":"ListItem","position":1,"name":"Home","item":"https:\/\/global.territorium.com\/pt\/"},{"@type":"ListItem","position":2,"name":"Home"}]},{"@type":"WebSite","@id":"https:\/\/global.territorium.com\/pt\/#website","url":"https:\/\/global.territorium.com\/pt\/","name":"Territorium","description":"Bridging the gap between education and the workforce","publisher":{"@id":"https:\/\/global.territorium.com\/pt\/#organization"},"potentialAction":[{"@type":"SearchAction","target":{"@type":"EntryPoint","urlTemplate":"https:\/\/global.territorium.com\/pt\/?s={search_term_string}"},"query-input":{"@type":"PropertyValueSpecification","valueRequired":true,"valueName":"search_term_string"}}],"inLanguage":"pt-BR"},{"@type":"Organization","@id":"https:\/\/global.territorium.com\/pt\/#organization","name":"Territorium","url":"https:\/\/global.territorium.com\/pt\/","logo":{"@type":"ImageObject","inLanguage":"pt-BR","@id":"https:\/\/global.territorium.com\/pt\/#\/schema\/logo\/image\/","url":"https:\/\/territorium.com\/wp-content\/uploads\/2021\/09\/Territorium_Logo.Tagline.png","contentUrl":"https:\/\/territorium.com\/wp-content\/uploads\/2021\/09\/Territorium_Logo.Tagline.png","width":1788,"height":363,"caption":"Territorium"},"image":{"@id":"https:\/\/global.territorium.com\/pt\/#\/schema\/logo\/image\/"}}]}},"_links":{"self":[{"href":"https:\/\/global.territorium.com\/pt\/wp-json\/wp\/v2\/pages\/1258","targetHints":{"allow":["GET"]}}],"collection":[{"href":"https:\/\/global.territorium.com\/pt\/wp-json\/wp\/v2\/pages"}],"about":[{"href":"https:\/\/global.territorium.com\/pt\/wp-json\/wp\/v2\/types\/page"}],"author":[{"embeddable":true,"href":"https:\/\/global.territorium.com\/pt\/wp-json\/wp\/v2\/users\/1"}],"replies":[{"embeddable":true,"href":"https:\/\/global.territorium.com\/pt\/wp-json\/wp\/v2\/comments?post=1258"}],"version-history":[{"count":21,"href":"https:\/\/global.territorium.com\/pt\/wp-json\/wp\/v2\/pages\/1258\/revisions"}],"predecessor-version":[{"id":4113,"href":"https:\/\/global.territorium.com\/pt\/wp-json\/wp\/v2\/pages\/1258\/revisions\/4113"}],"wp:attachment":[{"href":"https:\/\/global.territorium.com\/pt\/wp-json\/wp\/v2\/media?parent=1258"}],"curies":[{"name":"wp","href":"https:\/\/api.w.org\/{rel}","templated":true}]}}